{"id":78,"date":"2024-12-24T09:36:42","date_gmt":"2024-12-24T08:36:42","guid":{"rendered":"https:\/\/greentruescent.fr\/?page_id=78"},"modified":"2025-01-23T11:59:00","modified_gmt":"2025-01-23T10:59:00","slug":"linnovation-green-true-scent","status":"publish","type":"page","link":"https:\/\/greentruescent.fr\/?page_id=78","title":{"rendered":"L&rsquo;Innovation Green True Scent"},"content":{"rendered":"\n<div style=\"height:100px\" aria-hidden=\"true\" class=\"wp-block-spacer\"><\/div>\n\n\n\n<figure class=\"wp-block-video alignwide\"><video height=\"1080\" style=\"aspect-ratio: 1920 \/ 1080;\" width=\"1920\" controls src=\"https:\/\/greentruescent.fr\/wp-content\/uploads\/2024\/12\/Green-true-scent-VA-1.mp4\" playsinline><\/video><\/figure>\n\n\n\n<div style=\"height:100px\" aria-hidden=\"true\" class=\"wp-block-spacer\"><\/div>\n\n\n\n<p class=\"has-text-align-center\">\u00ab&nbsp;D\u00e9couvrez le pouvoir de l\u2019olfaction et cr\u00e9ez une exp\u00e9rience sensorielle unique pour votre marque. Avec Green True Scent, donnez vie \u00e0 votre identit\u00e9 olfactive gr\u00e2ce \u00e0 des touches \u00e0 sentir personnalis\u00e9es, pr\u00e9-parfum\u00e9es et pr\u00eates \u00e0 s\u00e9duire. De la conception sur-mesure \u00e0 la production en s\u00e9rie, nous vous accompagnons \u00e0 chaque \u00e9tape pour cr\u00e9er un marketing olfactif inoubliable.&nbsp;\u00bb<\/p>\n\n\n\n<div style=\"height:100px\" aria-hidden=\"true\" class=\"wp-block-spacer\"><\/div>\n","protected":false},"excerpt":{"rendered":"<p>\u00ab&nbsp;D\u00e9couvrez le pouvoir de l\u2019olfaction et cr\u00e9ez une exp\u00e9rience sensorielle unique pour votre marque. Avec Green True Scent, donnez vie \u00e0 votre identit\u00e9 olfactive gr\u00e2ce \u00e0 des touches \u00e0 sentir personnalis\u00e9es, pr\u00e9-parfum\u00e9es et pr\u00eates \u00e0 s\u00e9duire. De la conception sur-mesure \u00e0 la production en s\u00e9rie, nous vous accompagnons \u00e0 chaque \u00e9tape pour cr\u00e9er un marketing [&hellip;]<\/p>\n","protected":false},"author":1,"featured_media":0,"parent":0,"menu_order":0,"comment_status":"closed","ping_status":"closed","template":"","meta":{"footnotes":""},"class_list":["post-78","page","type-page","status-publish","hentry"],"_links":{"self":[{"href":"https:\/\/greentruescent.fr\/index.php?rest_route=\/wp\/v2\/pages\/78","targetHints":{"allow":["GET"]}}],"collection":[{"href":"https:\/\/greentruescent.fr\/index.php?rest_route=\/wp\/v2\/pages"}],"about":[{"href":"https:\/\/greentruescent.fr\/index.php?rest_route=\/wp\/v2\/types\/page"}],"author":[{"embeddable":true,"href":"https:\/\/greentruescent.fr\/index.php?rest_route=\/wp\/v2\/users\/1"}],"replies":[{"embeddable":true,"href":"https:\/\/greentruescent.fr\/index.php?rest_route=%2Fwp%2Fv2%2Fcomments&post=78"}],"version-history":[{"count":10,"href":"https:\/\/greentruescent.fr\/index.php?rest_route=\/wp\/v2\/pages\/78\/revisions"}],"predecessor-version":[{"id":165,"href":"https:\/\/greentruescent.fr\/index.php?rest_route=\/wp\/v2\/pages\/78\/revisions\/165"}],"wp:attachment":[{"href":"https:\/\/greentruescent.fr\/index.php?rest_route=%2Fwp%2Fv2%2Fmedia&parent=78"}],"curies":[{"name":"wp","href":"https:\/\/api.w.org\/{rel}","templated":true}]}}